{"id":74,"date":"2017-09-26T16:19:49","date_gmt":"2017-09-26T14:19:49","guid":{"rendered":"http:\/\/www.data-opera.de\/cms\/?page_id=74"},"modified":"2017-10-09T11:58:20","modified_gmt":"2017-10-09T09:58:20","slug":"massenspeicher","status":"publish","type":"page","link":"https:\/\/www.data-opera.de\/cms\/dienstleistungen\/massenspeicher\/","title":{"rendered":"Massenspeicher"},"content":{"rendered":"\t\t<div data-elementor-type=\"wp-post\" data-elementor-id=\"74\" class=\"elementor elementor-74 elementor-bc-flex-widget\" data-elementor-settings=\"[]\">\n\t\t\t\t\t\t<div class=\"elementor-inner\">\n\t\t\t\t\t\t\t<div class=\"elementor-section-wrap\">\n\t\t\t\t\t\t\t<section class=\"elementor-section elementor-top-section elementor-element elementor-element-gryhpio elementor-section-boxed elementor-section-height-default elementor-section-height-default\" data-id=\"gryhpio\" data-element_type=\"section\">\n\t\t\t\t\t\t<div class=\"elementor-container elementor-column-gap-default\">\n\t\t\t\t\t\t\t<div class=\"elementor-row\">\n\t\t\t\t\t<div class=\"elementor-column elementor-col-100 elementor-top-column elementor-element elementor-element-eiqgvcj\" data-id=\"eiqgvcj\" data-element_type=\"column\">\n\t\t\t<div class=\"elementor-column-wrap elementor-element-populated\">\n\t\t\t\t\t\t\t<div class=\"elementor-widget-wrap\">\n\t\t\t\t\t\t<div class=\"elementor-element elementor-element-qrnqewt elementor-widget elementor-widget-text-editor\" data-id=\"qrnqewt\" data-element_type=\"widget\" data-widget_type=\"text-editor.default\">\n\t\t\t\t<div class=\"elementor-widget-container\">\n\t\t\t\t\t\t\t\t<div class=\"elementor-text-editor elementor-clearfix\">\n\t\t\t\t<p>Der Massenspeicher ist Bestandteil des digitalen Fahrtenschreibers, er kann die Aktivit\u00e4ten von bis zu 3.500 Fahrern\/ Jahr aufzeichnen. Weiterhin werden Geschwindigkeiten der vergangenen 24 gelenkten Stunden gespeichert (bei neueren Ger\u00e4ten bis zu 144 Std.). Der Drehzahlaufschrieb ist ebenso Bestandteil der automatischen Aufzeichnungen (sog. S-Datens\u00e4tze)<br \/> Der Massenspeicher muss sp\u00e4testens alle 90 Tage gesichert werden. Dies sollte durch einen geschulten Fachmann erfolgen, da die Daten des Massenspeichers wesentlich umfangreicher sind, als die auf der Fahrerkarte gespeicherten Daten. Der Inhalt des Massenspeichers dient h\u00e4ufig zum Abgleich mit Fahrerkartendaten bei Unstimmigkeiten in der Kontrolle. Bei Datenverlust oder \u00dcberschreitung der 90 Tage-Frist drohen hohe Bu\u00dfgelder.<br \/> Werden im Rahmen einer Betriebskontrolle Daten von den Beh\u00f6rden angefordert, besteht die M\u00f6glichkeit, dass DATA OPERA UG (haftungsbeschr\u00e4nkt) gezielt die Daten f\u00fcr den angeforderten Zeitraum aus dem Massenspeicher herunterl\u00e4dt. Dadurch wird gew\u00e4hrleistet, dass tats\u00e4chlich nur die angeforderten Daten weitergereicht werden.<br \/> Massenspeicher k\u00f6nnen bei unseren Standort-Partnern, die sich an verkehrsg\u00fcnstig gelegenen Punkten befinden, ausgelesen werden. Hierf\u00fcr muss die Unternehmenskarte gem\u00e4\u00df den Datenschutzbestimmungen zum Auslesen des Massenspeichers vorliegen. Diese Datenschutzbestimmungen verpflichten den Unternehmer, die Daten seiner Mitarbeiter zu sch\u00fctzen. Dabei dauert das Sichern in der Regel nicht l\u00e4nger als 15 Minuten.<\/p><p class=\"bodytext\">Wenn Sie noch Fragen haben, senden Sie uns eine E-Mail \u00fcber unser <a href=\"http:\/\/www.data-opera.de\/cms\/kontakt\/\">Kontaktformular<\/a>.<\/p><p class=\"bodytext\"><b>Hier geht es direkt zu unseren weiteren Dienstleistungen:<\/b><\/p><ul><li><a class=\"internal-link\" title=\"Fahrerkarten\" href=\"http:\/\/www.data-opera.de\/cms\/dienstleistungen\/fahrerkarten\/\">Fahrerkarten<\/a><\/li><li><a class=\"internal-link\" title=\"Auswertungen\" href=\"http:\/\/www.data-opera.de\/cms\/dienstleistungen\/auswertungen\/\">Auswertung<\/a><\/li><li><a class=\"internal-link\" title=\"Archivierung\" href=\"http:\/\/www.data-opera.de\/cms\/dienstleistungen\/archivierung\/\">Archivierung<\/a><\/li><li><a class=\"internal-link\" title=\"Seminare &amp; Schulungen\" href=\"http:\/\/www.data-opera.de\/cms\/dienstleistungen\/seminare-schulungen\/\">Seminare\/Schulungen<\/a><\/li><\/ul>\t\t\t\t\t<\/div>\n\t\t\t\t\t\t<\/div>\n\t\t\t\t<\/div>\n\t\t\t\t\t\t<\/div>\n\t\t\t\t\t<\/div>\n\t\t<\/div>\n\t\t\t\t\t\t\t\t<\/div>\n\t\t\t\t\t<\/div>\n\t\t<\/section>\n\t\t\t\t\t\t<\/div>\n\t\t\t\t\t\t<\/div>\n\t\t\t\t\t<\/div>\n\t\t","protected":false},"excerpt":{"rendered":"<p>Der Massenspeicher ist Bestandteil des digitalen Fahrtenschreibers, er kann die Aktivit\u00e4ten von bis zu 3.500 Fahrern\/ Jahr aufzeichnen. Weiterhin werden Geschwindigkeiten der vergangenen 24 gelenkten Stunden gespeichert (bei neueren Ger\u00e4ten bis zu 144 Std.). Der Drehzahlaufschrieb ist ebenso Bestandteil der automatischen Aufzeichnungen (sog. S-Datens\u00e4tze) Der Massenspeicher muss sp\u00e4testens alle 90 Tage gesichert werden. Dies sollte [&hellip;]<\/p>\n","protected":false},"author":1,"featured_media":0,"parent":63,"menu_order":0,"comment_status":"closed","ping_status":"closed","template":"","meta":{"ngg_post_thumbnail":0},"yoast_head":"<!-- This site is optimized with the Yoast SEO plugin v17.7.1 - https:\/\/yoast.com\/wordpress\/plugins\/seo\/ -->\n<meta name=\"robots\" content=\"index, follow, max-snippet:-1, max-image-preview:large, max-video-preview:-1\" \/>\n<link rel=\"canonical\" href=\"https:\/\/www.data-opera.de\/cms\/dienstleistungen\/massenspeicher\/\" \/>\n<meta property=\"og:locale\" content=\"de_DE\" \/>\n<meta property=\"og:type\" content=\"article\" \/>\n<meta property=\"og:title\" content=\"Massenspeicher - DATA OPERA UG (haftungsbeschr\u00e4nkt)\" \/>\n<meta property=\"og:description\" content=\"Der Massenspeicher ist Bestandteil des digitalen Fahrtenschreibers, er kann die Aktivit\u00e4ten von bis zu 3.500 Fahrern\/ Jahr aufzeichnen. Weiterhin werden Geschwindigkeiten der vergangenen 24 gelenkten Stunden gespeichert (bei neueren Ger\u00e4ten bis zu 144 Std.). Der Drehzahlaufschrieb ist ebenso Bestandteil der automatischen Aufzeichnungen (sog. S-Datens\u00e4tze) Der Massenspeicher muss sp\u00e4testens alle 90 Tage gesichert werden. Dies sollte [&hellip;]\" \/>\n<meta property=\"og:url\" content=\"https:\/\/www.data-opera.de\/cms\/dienstleistungen\/massenspeicher\/\" \/>\n<meta property=\"og:site_name\" content=\"DATA OPERA UG (haftungsbeschr\u00e4nkt)\" \/>\n<meta property=\"article:modified_time\" content=\"2017-10-09T09:58:20+00:00\" \/>\n<meta name=\"twitter:card\" content=\"summary\" \/>\n<meta name=\"twitter:label1\" content=\"Gesch\u00e4tzte Lesezeit\" \/>\n\t<meta name=\"twitter:data1\" content=\"1\u00a0Minute\" \/>\n<script type=\"application\/ld+json\" class=\"yoast-schema-graph\">{\"@context\":\"https:\/\/schema.org\",\"@graph\":[{\"@type\":\"WebSite\",\"@id\":\"https:\/\/www.data-opera.de\/cms\/#website\",\"url\":\"https:\/\/www.data-opera.de\/cms\/\",\"name\":\"DATA OPERA UG (haftungsbeschr\\u00e4nkt)\",\"description\":\"\",\"potentialAction\":[{\"@type\":\"SearchAction\",\"target\":{\"@type\":\"EntryPoint\",\"urlTemplate\":\"https:\/\/www.data-opera.de\/cms\/?s={search_term_string}\"},\"query-input\":\"required name=search_term_string\"}],\"inLanguage\":\"de\"},{\"@type\":\"WebPage\",\"@id\":\"https:\/\/www.data-opera.de\/cms\/dienstleistungen\/massenspeicher\/#webpage\",\"url\":\"https:\/\/www.data-opera.de\/cms\/dienstleistungen\/massenspeicher\/\",\"name\":\"Massenspeicher - DATA OPERA UG (haftungsbeschr\\u00e4nkt)\",\"isPartOf\":{\"@id\":\"https:\/\/www.data-opera.de\/cms\/#website\"},\"datePublished\":\"2017-09-26T14:19:49+00:00\",\"dateModified\":\"2017-10-09T09:58:20+00:00\",\"breadcrumb\":{\"@id\":\"https:\/\/www.data-opera.de\/cms\/dienstleistungen\/massenspeicher\/#breadcrumb\"},\"inLanguage\":\"de\",\"potentialAction\":[{\"@type\":\"ReadAction\",\"target\":[\"https:\/\/www.data-opera.de\/cms\/dienstleistungen\/massenspeicher\/\"]}]},{\"@type\":\"BreadcrumbList\",\"@id\":\"https:\/\/www.data-opera.de\/cms\/dienstleistungen\/massenspeicher\/#breadcrumb\",\"itemListElement\":[{\"@type\":\"ListItem\",\"position\":1,\"name\":\"Startseite\",\"item\":\"https:\/\/www.data-opera.de\/cms\/\"},{\"@type\":\"ListItem\",\"position\":2,\"name\":\"Dienstleistungen\",\"item\":\"https:\/\/www.data-opera.de\/cms\/dienstleistungen\/\"},{\"@type\":\"ListItem\",\"position\":3,\"name\":\"Massenspeicher\"}]}]}<\/script>\n<!-- \/ Yoast SEO plugin. -->","yoast_head_json":{"robots":{"index":"index","follow":"follow","max-snippet":"max-snippet:-1","max-image-preview":"max-image-preview:large","max-video-preview":"max-video-preview:-1"},"canonical":"https:\/\/www.data-opera.de\/cms\/dienstleistungen\/massenspeicher\/","og_locale":"de_DE","og_type":"article","og_title":"Massenspeicher - DATA OPERA UG (haftungsbeschr\u00e4nkt)","og_description":"Der Massenspeicher ist Bestandteil des digitalen Fahrtenschreibers, er kann die Aktivit\u00e4ten von bis zu 3.500 Fahrern\/ Jahr aufzeichnen. Weiterhin werden Geschwindigkeiten der vergangenen 24 gelenkten Stunden gespeichert (bei neueren Ger\u00e4ten bis zu 144 Std.). Der Drehzahlaufschrieb ist ebenso Bestandteil der automatischen Aufzeichnungen (sog. S-Datens\u00e4tze) Der Massenspeicher muss sp\u00e4testens alle 90 Tage gesichert werden. Dies sollte [&hellip;]","og_url":"https:\/\/www.data-opera.de\/cms\/dienstleistungen\/massenspeicher\/","og_site_name":"DATA OPERA UG (haftungsbeschr\u00e4nkt)","article_modified_time":"2017-10-09T09:58:20+00:00","twitter_card":"summary","twitter_misc":{"Gesch\u00e4tzte Lesezeit":"1\u00a0Minute"},"schema":{"@context":"https:\/\/schema.org","@graph":[{"@type":"WebSite","@id":"https:\/\/www.data-opera.de\/cms\/#website","url":"https:\/\/www.data-opera.de\/cms\/","name":"DATA OPERA UG (haftungsbeschr\u00e4nkt)","description":"","potentialAction":[{"@type":"SearchAction","target":{"@type":"EntryPoint","urlTemplate":"https:\/\/www.data-opera.de\/cms\/?s={search_term_string}"},"query-input":"required name=search_term_string"}],"inLanguage":"de"},{"@type":"WebPage","@id":"https:\/\/www.data-opera.de\/cms\/dienstleistungen\/massenspeicher\/#webpage","url":"https:\/\/www.data-opera.de\/cms\/dienstleistungen\/massenspeicher\/","name":"Massenspeicher - DATA OPERA UG (haftungsbeschr\u00e4nkt)","isPartOf":{"@id":"https:\/\/www.data-opera.de\/cms\/#website"},"datePublished":"2017-09-26T14:19:49+00:00","dateModified":"2017-10-09T09:58:20+00:00","breadcrumb":{"@id":"https:\/\/www.data-opera.de\/cms\/dienstleistungen\/massenspeicher\/#breadcrumb"},"inLanguage":"de","potentialAction":[{"@type":"ReadAction","target":["https:\/\/www.data-opera.de\/cms\/dienstleistungen\/massenspeicher\/"]}]},{"@type":"BreadcrumbList","@id":"https:\/\/www.data-opera.de\/cms\/dienstleistungen\/massenspeicher\/#breadcrumb","itemListElement":[{"@type":"ListItem","position":1,"name":"Startseite","item":"https:\/\/www.data-opera.de\/cms\/"},{"@type":"ListItem","position":2,"name":"Dienstleistungen","item":"https:\/\/www.data-opera.de\/cms\/dienstleistungen\/"},{"@type":"ListItem","position":3,"name":"Massenspeicher"}]}]}},"_links":{"self":[{"href":"https:\/\/www.data-opera.de\/cms\/wp-json\/wp\/v2\/pages\/74"}],"collection":[{"href":"https:\/\/www.data-opera.de\/cms\/wp-json\/wp\/v2\/pages"}],"about":[{"href":"https:\/\/www.data-opera.de\/cms\/wp-json\/wp\/v2\/types\/page"}],"author":[{"embeddable":true,"href":"https:\/\/www.data-opera.de\/cms\/wp-json\/wp\/v2\/users\/1"}],"replies":[{"embeddable":true,"href":"https:\/\/www.data-opera.de\/cms\/wp-json\/wp\/v2\/comments?post=74"}],"version-history":[{"count":5,"href":"https:\/\/www.data-opera.de\/cms\/wp-json\/wp\/v2\/pages\/74\/revisions"}],"predecessor-version":[{"id":203,"href":"https:\/\/www.data-opera.de\/cms\/wp-json\/wp\/v2\/pages\/74\/revisions\/203"}],"up":[{"embeddable":true,"href":"https:\/\/www.data-opera.de\/cms\/wp-json\/wp\/v2\/pages\/63"}],"wp:attachment":[{"href":"https:\/\/www.data-opera.de\/cms\/wp-json\/wp\/v2\/media?parent=74"}],"curies":[{"name":"wp","href":"https:\/\/api.w.org\/{rel}","templated":true}]}}