{"id":235,"date":"2017-11-09T12:51:06","date_gmt":"2017-11-09T11:51:06","guid":{"rendered":"http:\/\/www.data-opera.de\/cms\/?page_id=235"},"modified":"2017-11-09T12:51:06","modified_gmt":"2017-11-09T11:51:06","slug":"sachverstaendiger","status":"publish","type":"page","link":"https:\/\/www.data-opera.de\/cms\/dienstleistungen\/sachverstaendiger\/","title":{"rendered":"Sachverst\u00e4ndiger"},"content":{"rendered":"\t\t<div data-elementor-type=\"wp-post\" data-elementor-id=\"235\" class=\"elementor elementor-235 elementor-bc-flex-widget\" data-elementor-settings=\"[]\">\n\t\t\t\t\t\t<div class=\"elementor-inner\">\n\t\t\t\t\t\t\t<div class=\"elementor-section-wrap\">\n\t\t\t\t\t\t\t<section class=\"elementor-section elementor-top-section elementor-element elementor-element-f740947 elementor-section-boxed elementor-section-height-default elementor-section-height-default\" data-id=\"f740947\" data-element_type=\"section\">\n\t\t\t\t\t\t<div class=\"elementor-container elementor-column-gap-default\">\n\t\t\t\t\t\t\t<div class=\"elementor-row\">\n\t\t\t\t\t<div class=\"elementor-column elementor-col-100 elementor-top-column elementor-element elementor-element-388c314\" data-id=\"388c314\" data-element_type=\"column\">\n\t\t\t<div class=\"elementor-column-wrap elementor-element-populated\">\n\t\t\t\t\t\t\t<div class=\"elementor-widget-wrap\">\n\t\t\t\t\t\t<div class=\"elementor-element elementor-element-e2f1b7d elementor-widget elementor-widget-heading\" data-id=\"e2f1b7d\" data-element_type=\"widget\" data-widget_type=\"heading.default\">\n\t\t\t\t<div class=\"elementor-widget-container\">\n\t\t\t<h2 class=\"elementor-heading-title elementor-size-default\">Sachverst\u00e4ndiger f\u00fcr Fahrpersonalrecht\nund digitale Fahrtenschreiber<\/h2>\t\t<\/div>\n\t\t\t\t<\/div>\n\t\t\t\t\t\t<\/div>\n\t\t\t\t\t<\/div>\n\t\t<\/div>\n\t\t\t\t\t\t\t\t<\/div>\n\t\t\t\t\t<\/div>\n\t\t<\/section>\n\t\t\t\t<section class=\"elementor-section elementor-top-section elementor-element elementor-element-d2bf409 elementor-section-boxed elementor-section-height-default elementor-section-height-default\" data-id=\"d2bf409\" data-element_type=\"section\">\n\t\t\t\t\t\t<div class=\"elementor-container elementor-column-gap-default\">\n\t\t\t\t\t\t\t<div class=\"elementor-row\">\n\t\t\t\t\t<div class=\"elementor-column elementor-col-100 elementor-top-column elementor-element elementor-element-a98c752\" data-id=\"a98c752\" data-element_type=\"column\">\n\t\t\t<div class=\"elementor-column-wrap elementor-element-populated\">\n\t\t\t\t\t\t\t<div class=\"elementor-widget-wrap\">\n\t\t\t\t\t\t<div class=\"elementor-element elementor-element-b3a3793 elementor-widget elementor-widget-text-editor\" data-id=\"b3a3793\" data-element_type=\"widget\" data-widget_type=\"text-editor.default\">\n\t\t\t\t<div class=\"elementor-widget-container\">\n\t\t\t\t\t\t\t\t<div class=\"elementor-text-editor elementor-clearfix\">\n\t\t\t\t<p><br \/> Am 11.09.2017 erfolgte die Zertifizierung von Guido Gasparini zum \u201eSachverst\u00e4ndigen f\u00fcr Fahrpersonalrecht und digitale Fahrtenschreiber\u201c durch die European Certification EUcert CYF. Damit erweitert sich das Portfolio der DATA OPERA UG (haftungsbeschr\u00e4nkt) und des Europ\u00e4ischen Fahrtenschreiber Ausbildungs- und Schulungszentrums um die Erstattung von Sachverst\u00e4ndigengutachten und Beratungsdienstleistungen f\u00fcr den gewerblichen G\u00fcterkraft- und Personenverkehr.<\/p><p>Herr Gasparini analysiert Ihre digitalen Daten aus dem Fuhrpark und gibt wertvolle Hinweise um evtl. zuk\u00fcnftige Sanktionen zu vermeiden.<br \/> Im Falle einer Betriebskontrolle durch autorisierte Kontrollorgane steht Ihnen Herr Gasparini unterst\u00fctzend und beratend zur Seite.<\/p><p>Keine Rechtsberatung!<\/p><p>Unsere Leistungen:<\/p><p>&#8211; Datendownload aus den Fahrzeugen und der Fahrerkarten<br \/> &#8211; Analyse und Auswertung der Daten<br \/> &#8211; Vorstellung der Ergebnisse<br \/> &#8211; Hinweise und Vorschl\u00e4ge zur Vermeidung von Sanktionen<br \/> &#8211; Schulung der verantwortlichen Personen (Verkehrsleiter, Disponenten, Fuhrparkleiter)<br \/> &#8211; Fahrerschulungen gem\u00e4\u00df Artikel 33 der VO (EU) 165\/2014<\/p><p>Gerne erstellen wir Ihnen ein individuelles Angebot, wir freuen uns auf Ihre <a href=\"http:\/\/www.data-opera.de\/cms\/kontakt\/\">Kontaktaufnahme<\/a>.<\/p>\t\t\t\t\t<\/div>\n\t\t\t\t\t\t<\/div>\n\t\t\t\t<\/div>\n\t\t\t\t\t\t<\/div>\n\t\t\t\t\t<\/div>\n\t\t<\/div>\n\t\t\t\t\t\t\t\t<\/div>\n\t\t\t\t\t<\/div>\n\t\t<\/section>\n\t\t\t\t\t\t<\/div>\n\t\t\t\t\t\t<\/div>\n\t\t\t\t\t<\/div>\n\t\t","protected":false},"excerpt":{"rendered":"<p>&nbsp; Sachverst\u00e4ndiger f\u00fcr Fahrpersonalrecht und digitale Fahrtenschreiber Am 11.09.2017 erfolgte die Zertifizierung von Guido Gasparini zum \u201eSachverst\u00e4ndigen f\u00fcr Fahrpersonalrecht und digitale Fahrtenschreiber\u201c durch die European Certification EUcert CYF. Damit erweitert sich das Portfolio der DATA OPERA UG (haftungsbeschr\u00e4nkt) und des Europ\u00e4ischen Fahrtenschreiber Ausbildungs- und Schulungszentrums um die Erstattung von Sachverst\u00e4ndigengutachten und Beratungsdienstleistungen f\u00fcr den gewerblichen [&hellip;]<\/p>\n","protected":false},"author":1,"featured_media":0,"parent":63,"menu_order":0,"comment_status":"closed","ping_status":"closed","template":"","meta":{"ngg_post_thumbnail":0},"yoast_head":"<!-- This site is optimized with the Yoast SEO plugin v17.7.1 - https:\/\/yoast.com\/wordpress\/plugins\/seo\/ -->\n<meta name=\"robots\" content=\"index, follow, max-snippet:-1, max-image-preview:large, max-video-preview:-1\" \/>\n<link rel=\"canonical\" href=\"https:\/\/www.data-opera.de\/cms\/dienstleistungen\/sachverstaendiger\/\" \/>\n<meta property=\"og:locale\" content=\"de_DE\" \/>\n<meta property=\"og:type\" content=\"article\" \/>\n<meta property=\"og:title\" content=\"Sachverst\u00e4ndiger - DATA OPERA UG (haftungsbeschr\u00e4nkt)\" \/>\n<meta property=\"og:description\" content=\"&nbsp; Sachverst\u00e4ndiger f\u00fcr Fahrpersonalrecht und digitale Fahrtenschreiber Am 11.09.2017 erfolgte die Zertifizierung von Guido Gasparini zum \u201eSachverst\u00e4ndigen f\u00fcr Fahrpersonalrecht und digitale Fahrtenschreiber\u201c durch die European Certification EUcert CYF. Damit erweitert sich das Portfolio der DATA OPERA UG (haftungsbeschr\u00e4nkt) und des Europ\u00e4ischen Fahrtenschreiber Ausbildungs- und Schulungszentrums um die Erstattung von Sachverst\u00e4ndigengutachten und Beratungsdienstleistungen f\u00fcr den gewerblichen [&hellip;]\" \/>\n<meta property=\"og:url\" content=\"https:\/\/www.data-opera.de\/cms\/dienstleistungen\/sachverstaendiger\/\" \/>\n<meta property=\"og:site_name\" content=\"DATA OPERA UG (haftungsbeschr\u00e4nkt)\" \/>\n<meta name=\"twitter:card\" content=\"summary\" \/>\n<meta name=\"twitter:label1\" content=\"Gesch\u00e4tzte Lesezeit\" \/>\n\t<meta name=\"twitter:data1\" content=\"1\u00a0Minute\" \/>\n<script type=\"application\/ld+json\" class=\"yoast-schema-graph\">{\"@context\":\"https:\/\/schema.org\",\"@graph\":[{\"@type\":\"WebSite\",\"@id\":\"https:\/\/www.data-opera.de\/cms\/#website\",\"url\":\"https:\/\/www.data-opera.de\/cms\/\",\"name\":\"DATA OPERA UG (haftungsbeschr\\u00e4nkt)\",\"description\":\"\",\"potentialAction\":[{\"@type\":\"SearchAction\",\"target\":{\"@type\":\"EntryPoint\",\"urlTemplate\":\"https:\/\/www.data-opera.de\/cms\/?s={search_term_string}\"},\"query-input\":\"required name=search_term_string\"}],\"inLanguage\":\"de\"},{\"@type\":\"WebPage\",\"@id\":\"https:\/\/www.data-opera.de\/cms\/dienstleistungen\/sachverstaendiger\/#webpage\",\"url\":\"https:\/\/www.data-opera.de\/cms\/dienstleistungen\/sachverstaendiger\/\",\"name\":\"Sachverst\\u00e4ndiger - DATA OPERA UG (haftungsbeschr\\u00e4nkt)\",\"isPartOf\":{\"@id\":\"https:\/\/www.data-opera.de\/cms\/#website\"},\"datePublished\":\"2017-11-09T11:51:06+00:00\",\"dateModified\":\"2017-11-09T11:51:06+00:00\",\"breadcrumb\":{\"@id\":\"https:\/\/www.data-opera.de\/cms\/dienstleistungen\/sachverstaendiger\/#breadcrumb\"},\"inLanguage\":\"de\",\"potentialAction\":[{\"@type\":\"ReadAction\",\"target\":[\"https:\/\/www.data-opera.de\/cms\/dienstleistungen\/sachverstaendiger\/\"]}]},{\"@type\":\"BreadcrumbList\",\"@id\":\"https:\/\/www.data-opera.de\/cms\/dienstleistungen\/sachverstaendiger\/#breadcrumb\",\"itemListElement\":[{\"@type\":\"ListItem\",\"position\":1,\"name\":\"Startseite\",\"item\":\"https:\/\/www.data-opera.de\/cms\/\"},{\"@type\":\"ListItem\",\"position\":2,\"name\":\"Dienstleistungen\",\"item\":\"https:\/\/www.data-opera.de\/cms\/dienstleistungen\/\"},{\"@type\":\"ListItem\",\"position\":3,\"name\":\"Sachverst\\u00e4ndiger\"}]}]}<\/script>\n<!-- \/ Yoast SEO plugin. -->","yoast_head_json":{"robots":{"index":"index","follow":"follow","max-snippet":"max-snippet:-1","max-image-preview":"max-image-preview:large","max-video-preview":"max-video-preview:-1"},"canonical":"https:\/\/www.data-opera.de\/cms\/dienstleistungen\/sachverstaendiger\/","og_locale":"de_DE","og_type":"article","og_title":"Sachverst\u00e4ndiger - DATA OPERA UG (haftungsbeschr\u00e4nkt)","og_description":"&nbsp; Sachverst\u00e4ndiger f\u00fcr Fahrpersonalrecht und digitale Fahrtenschreiber Am 11.09.2017 erfolgte die Zertifizierung von Guido Gasparini zum \u201eSachverst\u00e4ndigen f\u00fcr Fahrpersonalrecht und digitale Fahrtenschreiber\u201c durch die European Certification EUcert CYF. Damit erweitert sich das Portfolio der DATA OPERA UG (haftungsbeschr\u00e4nkt) und des Europ\u00e4ischen Fahrtenschreiber Ausbildungs- und Schulungszentrums um die Erstattung von Sachverst\u00e4ndigengutachten und Beratungsdienstleistungen f\u00fcr den gewerblichen [&hellip;]","og_url":"https:\/\/www.data-opera.de\/cms\/dienstleistungen\/sachverstaendiger\/","og_site_name":"DATA OPERA UG (haftungsbeschr\u00e4nkt)","twitter_card":"summary","twitter_misc":{"Gesch\u00e4tzte Lesezeit":"1\u00a0Minute"},"schema":{"@context":"https:\/\/schema.org","@graph":[{"@type":"WebSite","@id":"https:\/\/www.data-opera.de\/cms\/#website","url":"https:\/\/www.data-opera.de\/cms\/","name":"DATA OPERA UG (haftungsbeschr\u00e4nkt)","description":"","potentialAction":[{"@type":"SearchAction","target":{"@type":"EntryPoint","urlTemplate":"https:\/\/www.data-opera.de\/cms\/?s={search_term_string}"},"query-input":"required name=search_term_string"}],"inLanguage":"de"},{"@type":"WebPage","@id":"https:\/\/www.data-opera.de\/cms\/dienstleistungen\/sachverstaendiger\/#webpage","url":"https:\/\/www.data-opera.de\/cms\/dienstleistungen\/sachverstaendiger\/","name":"Sachverst\u00e4ndiger - DATA OPERA UG (haftungsbeschr\u00e4nkt)","isPartOf":{"@id":"https:\/\/www.data-opera.de\/cms\/#website"},"datePublished":"2017-11-09T11:51:06+00:00","dateModified":"2017-11-09T11:51:06+00:00","breadcrumb":{"@id":"https:\/\/www.data-opera.de\/cms\/dienstleistungen\/sachverstaendiger\/#breadcrumb"},"inLanguage":"de","potentialAction":[{"@type":"ReadAction","target":["https:\/\/www.data-opera.de\/cms\/dienstleistungen\/sachverstaendiger\/"]}]},{"@type":"BreadcrumbList","@id":"https:\/\/www.data-opera.de\/cms\/dienstleistungen\/sachverstaendiger\/#breadcrumb","itemListElement":[{"@type":"ListItem","position":1,"name":"Startseite","item":"https:\/\/www.data-opera.de\/cms\/"},{"@type":"ListItem","position":2,"name":"Dienstleistungen","item":"https:\/\/www.data-opera.de\/cms\/dienstleistungen\/"},{"@type":"ListItem","position":3,"name":"Sachverst\u00e4ndiger"}]}]}},"_links":{"self":[{"href":"https:\/\/www.data-opera.de\/cms\/wp-json\/wp\/v2\/pages\/235"}],"collection":[{"href":"https:\/\/www.data-opera.de\/cms\/wp-json\/wp\/v2\/pages"}],"about":[{"href":"https:\/\/www.data-opera.de\/cms\/wp-json\/wp\/v2\/types\/page"}],"author":[{"embeddable":true,"href":"https:\/\/www.data-opera.de\/cms\/wp-json\/wp\/v2\/users\/1"}],"replies":[{"embeddable":true,"href":"https:\/\/www.data-opera.de\/cms\/wp-json\/wp\/v2\/comments?post=235"}],"version-history":[{"count":3,"href":"https:\/\/www.data-opera.de\/cms\/wp-json\/wp\/v2\/pages\/235\/revisions"}],"predecessor-version":[{"id":238,"href":"https:\/\/www.data-opera.de\/cms\/wp-json\/wp\/v2\/pages\/235\/revisions\/238"}],"up":[{"embeddable":true,"href":"https:\/\/www.data-opera.de\/cms\/wp-json\/wp\/v2\/pages\/63"}],"wp:attachment":[{"href":"https:\/\/www.data-opera.de\/cms\/wp-json\/wp\/v2\/media?parent=235"}],"curies":[{"name":"wp","href":"https:\/\/api.w.org\/{rel}","templated":true}]}}