{"id":205,"date":"2017-10-09T12:18:43","date_gmt":"2017-10-09T10:18:43","guid":{"rendered":"http:\/\/www.data-opera.de\/cms\/?page_id=205"},"modified":"2020-03-02T17:16:20","modified_gmt":"2020-03-02T16:16:20","slug":"news","status":"publish","type":"page","link":"https:\/\/www.data-opera.de\/cms\/news\/","title":{"rendered":"News"},"content":{"rendered":"\t\t<div data-elementor-type=\"wp-post\" data-elementor-id=\"205\" class=\"elementor elementor-205\" data-elementor-settings=\"[]\">\n\t\t\t\t\t\t<div class=\"elementor-inner\">\n\t\t\t\t\t\t\t<div class=\"elementor-section-wrap\">\n\t\t\t\t\t\t\t<section class=\"elementor-section elementor-top-section elementor-element elementor-element-476191b elementor-section-boxed elementor-section-height-default elementor-section-height-default\" data-id=\"476191b\" data-element_type=\"section\">\n\t\t\t\t\t\t<div class=\"elementor-container elementor-column-gap-default\">\n\t\t\t\t\t\t\t<div class=\"elementor-row\">\n\t\t\t\t\t<div class=\"elementor-column elementor-col-100 elementor-top-column elementor-element elementor-element-3159227\" data-id=\"3159227\" data-element_type=\"column\">\n\t\t\t<div class=\"elementor-column-wrap elementor-element-populated\">\n\t\t\t\t\t\t\t<div class=\"elementor-widget-wrap\">\n\t\t\t\t\t\t<div class=\"elementor-element elementor-element-1087e3e elementor-widget elementor-widget-text-editor\" data-id=\"1087e3e\" data-element_type=\"widget\" data-widget_type=\"text-editor.default\">\n\t\t\t\t<div class=\"elementor-widget-container\">\n\t\t\t\t\t\t\t\t<div class=\"elementor-text-editor elementor-clearfix\">\n\t\t\t\t<p>Seit Mitte Februar 2020 sind die beiden Rastanlagen Salzgitterh\u00fcttenblick an der A39 mit Fahrerkartenterminals ausgestattet.Diese befinden sich direkt an den Kassen der Tankstellen.<\/p><p>Das Auslesen von den Fahrtenschreibern (Massenspeicher) ist hier nicht m\u00f6glich. Vereinbaren Sie bitte hierf\u00fcr einen Termin mit uns. Wir kommen im Umkreis von 20 km gerne an einen zu vereinbarenden Ort. Falls Ihre Unternehmenskarte nicht bei uns hinterlegt ist, diese bitte dem Fahrer mitgeben.<\/p><p>Seit dem 15.06.2019 werden in Erstzulassungen nur noch die 2. Generation der digitalen Fahrtenschreiber verbaut.<\/p><p>Der sogenannte SmartTacho 4.0 (VDO) kann mit alten Fahrerkarten betrieben werden, seit dem 15.06.2019 werden neue Fahrerkarten ausgegeben, diese sind abw\u00e4rtskompatibel.<\/p><p>F\u00fcr den Fuhrparkverantwortlichen ergeben sich daraus einige zu erledigende Arbeiten.<\/p><p>Die Auswertesoftware muss ein Update erhalten, Downloadger\u00e4te wie der VDO DLK Pro m\u00fcssen ebenfalls ein Update erhalten und die SmartTacho Funktion muss mittels einer kostenpflichtigen Lizenzkarte freigeschaltet werden. Bestimmte Downloadterminals auf dem Markt k\u00f6nnen die neuen Fahrerkarten auslesen, nur nicht alle Bereiche des Chipsatzes. Die gesetzlich geforderten Daten werden aber ausgelesen.<\/p><p>Ein Wechsel der Unternehmenskarte ist nicht notwendig. Deutsche Hersteller von Tachographenkarten haben sich zur\u00fcckgezogen, somit sind nur zwei Hersteller \u00fcbrig geblieben. In den Niederlanden und Italien, dies ist erkennbar an dem ECE-Pr\u00fcfzeichen \u00fcber dem Chipsatz. ( e4 f\u00fcr Holland und e3 f\u00fcr Italien).<\/p><p>F\u00fcr Fragen stehe ich Ihnen gerne zur Verf\u00fcgung.<\/p><p>Guido Gasparini<\/p>\t\t\t\t\t<\/div>\n\t\t\t\t\t\t<\/div>\n\t\t\t\t<\/div>\n\t\t\t\t\t\t<\/div>\n\t\t\t\t\t<\/div>\n\t\t<\/div>\n\t\t\t\t\t\t\t\t<\/div>\n\t\t\t\t\t<\/div>\n\t\t<\/section>\n\t\t\t\t<section class=\"elementor-section elementor-top-section elementor-element elementor-element-90b85bc elementor-section-boxed elementor-section-height-default elementor-section-height-default\" data-id=\"90b85bc\" data-element_type=\"section\">\n\t\t\t\t\t\t<div class=\"elementor-container elementor-column-gap-default\">\n\t\t\t\t\t\t\t<div class=\"elementor-row\">\n\t\t\t\t\t<div class=\"elementor-column elementor-col-100 elementor-top-column elementor-element elementor-element-35a5a63\" data-id=\"35a5a63\" data-element_type=\"column\">\n\t\t\t<div class=\"elementor-column-wrap elementor-element-populated\">\n\t\t\t\t\t\t\t<div class=\"elementor-widget-wrap\">\n\t\t\t\t\t\t<div class=\"elementor-element elementor-element-89a3827 elementor-widget elementor-widget-text-editor\" data-id=\"89a3827\" data-element_type=\"widget\" data-widget_type=\"text-editor.default\">\n\t\t\t\t<div class=\"elementor-widget-container\">\n\t\t\t\t\t\t\t\t<div class=\"elementor-text-editor elementor-clearfix\">\n\t\t\t\t<h3>3. Deutsches Fahrtenschreiberforum 2019<\/h3><p>Am 14. und 15. Mai 2019 treffen sich in Berlin zum 3. Mal Experten, Hersteller, Beh\u00f6rden- und Branchenvertreter sowie interessierte Kraftverkehrs- und Transportunternehmen zum Deutschen Fahrtenschreiberforum, um rechtlich offene Anwendungen von digitalen und intelligenten Fahrtenschreibern im Focus der Verkn\u00fcpfung von Rechtsgebieten unter direktem Praxisbezug zu er\u00f6rtern und L\u00f6sungsvorschl\u00e4ge an die Verordnungsgeber weiterzuleiten.<\/p><p>Das Deutsche Fahrtenschreiberforum stellt das nationale Pendant zum Europ\u00e4ischen Fahrtenschreiberforum dar und beinhaltet den direkten Erfahrungsaustausch zwischen allen beteiligten Parteien beim Einsatz von Fahrtenschreibertechnologien. Das Forum steht interessierten Fachleuten und Unternehmen offen, um besondere und bisher unber\u00fccksichtigte Anwendungsf\u00e4lle in Verbindung zu technischen Ger\u00e4tem\u00f6glichkeiten zu analysieren.<\/p><p>Die Veranstaltung bew\u00e4hrt sich als Symposium seit dem Jahr 2017 mit einer stetigen Zunahme von Besuchern. Sie wird an zwei Zielgruppen orientierten Tagen durchgef\u00fchrt \u2013 Tag 1 Expertenrunde und Tag 2 \u00f6ffentliches Forum und Workshops mit Experten.<\/p><p>In diesem Jahr stehen bisher folgende Themen zur Bearbeitung auf der Tagesordnung (Erweiterung von Themen nach Eingang von Vorschl\u00e4gen m\u00f6glich):<\/p><p>Umwandlung von Pausenzeiten &lt; 15\u2032 in Arbeitszeit durch Landesbeh\u00f6rden<br \/>Anwendung von Bereitschaftszeiten bei automatisierter Entladung<br \/>Bereitschaftszeiten durch Betriebsanweisung festlegen<br \/>Anwendung von Arbeitszeitpl\u00e4nen und digitalen Fahrtenschreibern im Linienverkehr und in Linienbussen<br \/>K\u00f6nnen Linienbusse im Gelegenheitsverkehr eingesetzt werden?<br \/>Ist SEV und sind regelm\u00e4\u00dfige Fahrten f\u00fcr WfbM dem Linienverkehr gleichgestellt?<br \/>Verwendung von OUT im Linienverkehr<br \/>Verwendung von OUT bei der Holzabfuhr in Waldgebieten und im Tagebau<br \/>Ausbildung an digitalen Fahrtenschreibern in der praktischen Fahrausbildung beim Fahrerlaubniserwerb<br \/>K\u00f6nnen Massenspeicherdaten zur Begr\u00fcndung von Mautbefreiung genutzt werden?<br \/>Zul\u00e4ssige Entnahme der Fahrerkarte innerhalb des Arbeitstages<br \/>Stand Vorbereitung der Einf\u00fchrung intelligenter Fahrtenschreiber zum 15.06.2019<\/p><p>Anmeldungen werden ab sofort \u00fcber das IAZ Oberhavel per Email (info|at|iaz-oberhabel.de) entgegen genommen. Zus\u00e4tzlich steht im Tagungshotel ein Zimmerkontingent f\u00fcr verbindlich angemeldete Teilnehmer zur Verf\u00fcgung.<\/p>\t\t\t\t\t<\/div>\n\t\t\t\t\t\t<\/div>\n\t\t\t\t<\/div>\n\t\t\t\t\t\t<\/div>\n\t\t\t\t\t<\/div>\n\t\t<\/div>\n\t\t\t\t\t\t\t\t<\/div>\n\t\t\t\t\t<\/div>\n\t\t<\/section>\n\t\t\t\t<section class=\"elementor-section elementor-top-section elementor-element elementor-element-q7bquwr elementor-section-boxed elementor-section-height-default elementor-section-height-default\" data-id=\"q7bquwr\" data-element_type=\"section\" data-settings=\"{&quot;background_background&quot;:&quot;classic&quot;}\">\n\t\t\t\t\t\t<div class=\"elementor-container elementor-column-gap-default\">\n\t\t\t\t\t\t\t<div class=\"elementor-row\">\n\t\t\t\t\t<div class=\"elementor-column elementor-col-100 elementor-top-column elementor-element elementor-element-4s9ityq\" data-id=\"4s9ityq\" data-element_type=\"column\">\n\t\t\t<div class=\"elementor-column-wrap elementor-element-populated\">\n\t\t\t\t\t\t\t<div class=\"elementor-widget-wrap\">\n\t\t\t\t\t\t<div class=\"elementor-element elementor-element-h8zsq3e elementor-widget elementor-widget-text-editor\" data-id=\"h8zsq3e\" data-element_type=\"widget\" data-widget_type=\"text-editor.default\">\n\t\t\t\t<div class=\"elementor-widget-container\">\n\t\t\t\t\t\t\t\t<div class=\"elementor-text-editor elementor-clearfix\">\n\t\t\t\t<p>Salzgitter, 11.09.2017<br \/>Guido Gasparini schlie\u00dft das Fernstudium zum zertifizierten Sachverst\u00e4ndigen f\u00fcr den Fachbereich Fahrpersonalrecht und digitale Fahrtenschreiber erfolgreich ab.<\/p><p>Salzgitter, 01.09.2017<br \/>DATA OPERA UG (haftungsbeschr\u00e4nkt) erwirbt alle Gesch\u00e4ftsanteile an der Tachoworxx UG (haftungsbeschr\u00e4nkt). Die Verschmelzung ist f\u00fcr 2018 geplant.<\/p>\t\t\t\t\t<\/div>\n\t\t\t\t\t\t<\/div>\n\t\t\t\t<\/div>\n\t\t\t\t\t\t<\/div>\n\t\t\t\t\t<\/div>\n\t\t<\/div>\n\t\t\t\t\t\t\t\t<\/div>\n\t\t\t\t\t<\/div>\n\t\t<\/section>\n\t\t\t\t\t\t<\/div>\n\t\t\t\t\t\t<\/div>\n\t\t\t\t\t<\/div>\n\t\t","protected":false},"excerpt":{"rendered":"<p>Seit Mitte Februar 2020 sind die beiden Rastanlagen Salzgitterh\u00fcttenblick an der A39 mit Fahrerkartenterminals ausgestattet.Diese befinden sich direkt an den Kassen der Tankstellen. Das Auslesen von den Fahrtenschreibern (Massenspeicher) ist hier nicht m\u00f6glich. Vereinbaren Sie bitte hierf\u00fcr einen Termin mit uns. Wir kommen im Umkreis von 20 km gerne an einen zu vereinbarenden Ort. Falls [&hellip;]<\/p>\n","protected":false},"author":1,"featured_media":0,"parent":0,"menu_order":0,"comment_status":"closed","ping_status":"closed","template":"","meta":{"ngg_post_thumbnail":0},"yoast_head":"<!-- This site is optimized with the Yoast SEO plugin v17.7.1 - https:\/\/yoast.com\/wordpress\/plugins\/seo\/ -->\n<meta name=\"robots\" content=\"index, follow, max-snippet:-1, max-image-preview:large, max-video-preview:-1\" \/>\n<link rel=\"canonical\" href=\"https:\/\/www.data-opera.de\/cms\/news\/\" \/>\n<meta property=\"og:locale\" content=\"de_DE\" \/>\n<meta property=\"og:type\" content=\"article\" \/>\n<meta property=\"og:title\" content=\"News - DATA OPERA UG (haftungsbeschr\u00e4nkt)\" \/>\n<meta property=\"og:description\" content=\"Seit Mitte Februar 2020 sind die beiden Rastanlagen Salzgitterh\u00fcttenblick an der A39 mit Fahrerkartenterminals ausgestattet.Diese befinden sich direkt an den Kassen der Tankstellen. Das Auslesen von den Fahrtenschreibern (Massenspeicher) ist hier nicht m\u00f6glich. Vereinbaren Sie bitte hierf\u00fcr einen Termin mit uns. Wir kommen im Umkreis von 20 km gerne an einen zu vereinbarenden Ort. Falls [&hellip;]\" \/>\n<meta property=\"og:url\" content=\"https:\/\/www.data-opera.de\/cms\/news\/\" \/>\n<meta property=\"og:site_name\" content=\"DATA OPERA UG (haftungsbeschr\u00e4nkt)\" \/>\n<meta property=\"article:modified_time\" content=\"2020-03-02T16:16:20+00:00\" \/>\n<meta name=\"twitter:card\" content=\"summary\" \/>\n<meta name=\"twitter:label1\" content=\"Gesch\u00e4tzte Lesezeit\" \/>\n\t<meta name=\"twitter:data1\" content=\"3\u00a0Minuten\" \/>\n<script type=\"application\/ld+json\" class=\"yoast-schema-graph\">{\"@context\":\"https:\/\/schema.org\",\"@graph\":[{\"@type\":\"WebSite\",\"@id\":\"https:\/\/www.data-opera.de\/cms\/#website\",\"url\":\"https:\/\/www.data-opera.de\/cms\/\",\"name\":\"DATA OPERA UG (haftungsbeschr\\u00e4nkt)\",\"description\":\"\",\"potentialAction\":[{\"@type\":\"SearchAction\",\"target\":{\"@type\":\"EntryPoint\",\"urlTemplate\":\"https:\/\/www.data-opera.de\/cms\/?s={search_term_string}\"},\"query-input\":\"required name=search_term_string\"}],\"inLanguage\":\"de\"},{\"@type\":\"WebPage\",\"@id\":\"https:\/\/www.data-opera.de\/cms\/news\/#webpage\",\"url\":\"https:\/\/www.data-opera.de\/cms\/news\/\",\"name\":\"News - DATA OPERA UG (haftungsbeschr\\u00e4nkt)\",\"isPartOf\":{\"@id\":\"https:\/\/www.data-opera.de\/cms\/#website\"},\"datePublished\":\"2017-10-09T10:18:43+00:00\",\"dateModified\":\"2020-03-02T16:16:20+00:00\",\"breadcrumb\":{\"@id\":\"https:\/\/www.data-opera.de\/cms\/news\/#breadcrumb\"},\"inLanguage\":\"de\",\"potentialAction\":[{\"@type\":\"ReadAction\",\"target\":[\"https:\/\/www.data-opera.de\/cms\/news\/\"]}]},{\"@type\":\"BreadcrumbList\",\"@id\":\"https:\/\/www.data-opera.de\/cms\/news\/#breadcrumb\",\"itemListElement\":[{\"@type\":\"ListItem\",\"position\":1,\"name\":\"Startseite\",\"item\":\"https:\/\/www.data-opera.de\/cms\/\"},{\"@type\":\"ListItem\",\"position\":2,\"name\":\"News\"}]}]}<\/script>\n<!-- \/ Yoast SEO plugin. -->","yoast_head_json":{"robots":{"index":"index","follow":"follow","max-snippet":"max-snippet:-1","max-image-preview":"max-image-preview:large","max-video-preview":"max-video-preview:-1"},"canonical":"https:\/\/www.data-opera.de\/cms\/news\/","og_locale":"de_DE","og_type":"article","og_title":"News - DATA OPERA UG (haftungsbeschr\u00e4nkt)","og_description":"Seit Mitte Februar 2020 sind die beiden Rastanlagen Salzgitterh\u00fcttenblick an der A39 mit Fahrerkartenterminals ausgestattet.Diese befinden sich direkt an den Kassen der Tankstellen. Das Auslesen von den Fahrtenschreibern (Massenspeicher) ist hier nicht m\u00f6glich. Vereinbaren Sie bitte hierf\u00fcr einen Termin mit uns. Wir kommen im Umkreis von 20 km gerne an einen zu vereinbarenden Ort. Falls [&hellip;]","og_url":"https:\/\/www.data-opera.de\/cms\/news\/","og_site_name":"DATA OPERA UG (haftungsbeschr\u00e4nkt)","article_modified_time":"2020-03-02T16:16:20+00:00","twitter_card":"summary","twitter_misc":{"Gesch\u00e4tzte Lesezeit":"3\u00a0Minuten"},"schema":{"@context":"https:\/\/schema.org","@graph":[{"@type":"WebSite","@id":"https:\/\/www.data-opera.de\/cms\/#website","url":"https:\/\/www.data-opera.de\/cms\/","name":"DATA OPERA UG (haftungsbeschr\u00e4nkt)","description":"","potentialAction":[{"@type":"SearchAction","target":{"@type":"EntryPoint","urlTemplate":"https:\/\/www.data-opera.de\/cms\/?s={search_term_string}"},"query-input":"required name=search_term_string"}],"inLanguage":"de"},{"@type":"WebPage","@id":"https:\/\/www.data-opera.de\/cms\/news\/#webpage","url":"https:\/\/www.data-opera.de\/cms\/news\/","name":"News - DATA OPERA UG (haftungsbeschr\u00e4nkt)","isPartOf":{"@id":"https:\/\/www.data-opera.de\/cms\/#website"},"datePublished":"2017-10-09T10:18:43+00:00","dateModified":"2020-03-02T16:16:20+00:00","breadcrumb":{"@id":"https:\/\/www.data-opera.de\/cms\/news\/#breadcrumb"},"inLanguage":"de","potentialAction":[{"@type":"ReadAction","target":["https:\/\/www.data-opera.de\/cms\/news\/"]}]},{"@type":"BreadcrumbList","@id":"https:\/\/www.data-opera.de\/cms\/news\/#breadcrumb","itemListElement":[{"@type":"ListItem","position":1,"name":"Startseite","item":"https:\/\/www.data-opera.de\/cms\/"},{"@type":"ListItem","position":2,"name":"News"}]}]}},"_links":{"self":[{"href":"https:\/\/www.data-opera.de\/cms\/wp-json\/wp\/v2\/pages\/205"}],"collection":[{"href":"https:\/\/www.data-opera.de\/cms\/wp-json\/wp\/v2\/pages"}],"about":[{"href":"https:\/\/www.data-opera.de\/cms\/wp-json\/wp\/v2\/types\/page"}],"author":[{"embeddable":true,"href":"https:\/\/www.data-opera.de\/cms\/wp-json\/wp\/v2\/users\/1"}],"replies":[{"embeddable":true,"href":"https:\/\/www.data-opera.de\/cms\/wp-json\/wp\/v2\/comments?post=205"}],"version-history":[{"count":7,"href":"https:\/\/www.data-opera.de\/cms\/wp-json\/wp\/v2\/pages\/205\/revisions"}],"predecessor-version":[{"id":266,"href":"https:\/\/www.data-opera.de\/cms\/wp-json\/wp\/v2\/pages\/205\/revisions\/266"}],"wp:attachment":[{"href":"https:\/\/www.data-opera.de\/cms\/wp-json\/wp\/v2\/media?parent=205"}],"curies":[{"name":"wp","href":"https:\/\/api.w.org\/{rel}","templated":true}]}}